{"id":1785,"date":"2025-06-11T11:38:17","date_gmt":"2025-06-11T09:38:17","guid":{"rendered":"https:\/\/www.lisennes.fr\/nouveau-site\/?page_id=1785"},"modified":"2025-10-06T14:33:07","modified_gmt":"2025-10-06T12:33:07","slug":"oenotourisme","status":"publish","type":"page","link":"https:\/\/www.lisennes.fr\/en\/oenotourisme\/","title":{"rendered":"Wine Tourism"},"content":{"rendered":"<div data-elementor-type=\"wp-page\" data-elementor-id=\"1785\" class=\"elementor elementor-1785\">\n\t\t\t\t<div class=\"elementor-element elementor-element-5bc0065 e-flex e-con-boxed e-con e-parent\" data-id=\"5bc0065\" data-element_type=\"container\" data-e-type=\"container\">\n\t\t\t\t\t<div class=\"e-con-inner\">\n\t\t\t\t<div class=\"elementor-element elementor-element-b12d73c elementor-widget elementor-widget-heading\" data-id=\"b12d73c\" data-element_type=\"widget\" data-e-type=\"widget\" data-widget_type=\"heading.default\">\n\t\t\t\t<div class=\"elementor-widget-container\">\n\t\t\t\t\t<h2 class=\"elementor-heading-title elementor-size-default\">Tour &amp; Tasting<\/h2>\t\t\t\t<\/div>\n\t\t\t\t<\/div>\n\t\t\t\t\t<\/div>\n\t\t\t\t<\/div>\n\t\t<div class=\"elementor-element elementor-element-0f8035a e-flex e-con-boxed e-con e-parent\" data-id=\"0f8035a\" data-element_type=\"container\" data-e-type=\"container\">\n\t\t\t\t\t<div class=\"e-con-inner\">\n\t\t<div class=\"elementor-element elementor-element-51ddcf9 e-con-full e-flex e-con e-child\" data-id=\"51ddcf9\" data-element_type=\"container\" data-e-type=\"container\">\n\t\t\t\t<div class=\"elementor-element elementor-element-bfff48f elementor-widget elementor-widget-image\" data-id=\"bfff48f\" data-element_type=\"widget\" data-e-type=\"widget\" data-widget_type=\"image.default\">\n\t\t\t\t<div class=\"elementor-widget-container\">\n\t\t\t\t\t\t\t\t\t\t\t\t\t\t\t<img fetchpriority=\"high\" decoding=\"async\" width=\"1024\" height=\"768\" src=\"https:\/\/www.lisennes.fr\/wp-content\/uploads\/2025\/06\/P1010335-1024x768.jpg\" class=\"attachment-large size-large wp-image-2207\" alt=\"\" srcset=\"https:\/\/www.lisennes.fr\/wp-content\/uploads\/2025\/06\/P1010335-1024x768.jpg 1024w, https:\/\/www.lisennes.fr\/wp-content\/uploads\/2025\/06\/P1010335-300x225.jpg 300w, https:\/\/www.lisennes.fr\/wp-content\/uploads\/2025\/06\/P1010335-600x450.jpg 600w, https:\/\/www.lisennes.fr\/wp-content\/uploads\/2025\/06\/P1010335-768x576.jpg 768w, https:\/\/www.lisennes.fr\/wp-content\/uploads\/2025\/06\/P1010335-1536x1152.jpg 1536w, https:\/\/www.lisennes.fr\/wp-content\/uploads\/2025\/06\/P1010335-2048x1536.jpg 2048w\" sizes=\"(max-width: 1024px) 100vw, 1024px\" \/>\t\t\t\t\t\t\t\t\t\t\t\t\t\t\t<\/div>\n\t\t\t\t<\/div>\n\t\t\t\t<\/div>\n\t\t<div class=\"elementor-element elementor-element-6464d27 e-con-full e-flex e-con e-child\" data-id=\"6464d27\" data-element_type=\"container\" data-e-type=\"container\">\n\t\t<div class=\"elementor-element elementor-element-11d85f2 e-con-full e-flex e-con e-child\" data-id=\"11d85f2\" data-element_type=\"container\" data-e-type=\"container\">\n\t\t\t\t<div class=\"elementor-element elementor-element-60667e6 elementor-widget elementor-widget-text-editor\" data-id=\"60667e6\" data-element_type=\"widget\" data-e-type=\"widget\" data-widget_type=\"text-editor.default\">\n\t\t\t\t<div class=\"elementor-widget-container\">\n\t\t\t\t\t\t\t\t\t<p class=\"translation-block\">We are happy to welcome you for a tour of the estate.\nLocated just 15 minutes from Bordeaux, the estate features several beautiful buildings from the 15th and 18th centuries. You will discover the history of the estate, visit our cellar, and taste our wines.<\/p><p>You will have the opportunity to stroll through the vineyard, visit our museum of old tools, or observe the farm animals. We can tailor the tour according to your preferences.<\/p><p>\u00a0<\/p><p><strong>Price: \u20ac8 per person<\/strong> (individuals or groups), free for children.<\/p><p>\u00a0<\/p><p>The tour and tasting last approximately 1 hour.<\/p><p>We are open Monday to Friday from 9:00 AM to 12:00 PM and from 1:30 PM to 6:00 PM, and on Saturday mornings from 9:00 AM to 12:00 PM.<\/p><p>Please contact us by phone or email to book a visit.<\/p>\t\t\t\t\t\t\t\t<\/div>\n\t\t\t\t<\/div>\n\t\t\t\t<\/div>\n\t\t\t\t<\/div>\n\t\t\t\t\t<\/div>\n\t\t\t\t<\/div>\n\t\t<div class=\"elementor-element elementor-element-e2552fe e-flex e-con-boxed e-con e-parent\" data-id=\"e2552fe\" data-element_type=\"container\" data-e-type=\"container\">\n\t\t\t\t\t<div class=\"e-con-inner\">\n\t\t\t\t<div class=\"elementor-element elementor-element-99db270 elementor-widget elementor-widget-heading\" data-id=\"99db270\" data-element_type=\"widget\" data-e-type=\"widget\" data-widget_type=\"heading.default\">\n\t\t\t\t<div class=\"elementor-widget-container\">\n\t\t\t\t\t<h2 class=\"elementor-heading-title elementor-size-default\">Escape Game: The Legacy of Lisennes (available in French only)<\/h2>\t\t\t\t<\/div>\n\t\t\t\t<\/div>\n\t\t\t\t\t<\/div>\n\t\t\t\t<\/div>\n\t\t<div class=\"elementor-element elementor-element-fa8cc7e e-flex e-con-boxed e-con e-parent\" data-id=\"fa8cc7e\" data-element_type=\"container\" data-e-type=\"container\">\n\t\t\t\t\t<div class=\"e-con-inner\">\n\t\t<div class=\"elementor-element elementor-element-54397d9 e-con-full e-flex e-con e-child\" data-id=\"54397d9\" data-element_type=\"container\" data-e-type=\"container\">\n\t\t\t\t<div class=\"elementor-element elementor-element-ef75ac5 elementor-widget elementor-widget-image\" data-id=\"ef75ac5\" data-element_type=\"widget\" data-e-type=\"widget\" data-widget_type=\"image.default\">\n\t\t\t\t<div class=\"elementor-widget-container\">\n\t\t\t\t\t\t\t\t\t\t\t\t\t\t\t<img decoding=\"async\" width=\"640\" height=\"480\" src=\"https:\/\/www.lisennes.fr\/wp-content\/uploads\/2025\/06\/IMG_4202.jpg\" class=\"attachment-large size-large wp-image-2215\" alt=\"\" srcset=\"https:\/\/www.lisennes.fr\/wp-content\/uploads\/2025\/06\/IMG_4202.jpg 640w, https:\/\/www.lisennes.fr\/wp-content\/uploads\/2025\/06\/IMG_4202-300x225.jpg 300w, https:\/\/www.lisennes.fr\/wp-content\/uploads\/2025\/06\/IMG_4202-600x450.jpg 600w\" sizes=\"(max-width: 640px) 100vw, 640px\" \/>\t\t\t\t\t\t\t\t\t\t\t\t\t\t\t<\/div>\n\t\t\t\t<\/div>\n\t\t\t\t<\/div>\n\t\t<div class=\"elementor-element elementor-element-6846278 e-con-full e-flex e-con e-child\" data-id=\"6846278\" data-element_type=\"container\" data-e-type=\"container\">\n\t\t<div class=\"elementor-element elementor-element-4b1c8e6 e-con-full e-flex e-con e-child\" data-id=\"4b1c8e6\" data-element_type=\"container\" data-e-type=\"container\">\n\t\t\t\t<div class=\"elementor-element elementor-element-af0a64d elementor-widget elementor-widget-text-editor\" data-id=\"af0a64d\" data-element_type=\"widget\" data-e-type=\"widget\" data-widget_type=\"text-editor.default\">\n\t\t\t\t<div class=\"elementor-widget-container\">\n\t\t\t\t\t\t\t\t\t<p class=\"translation-block\">Put your detective skills and team spirit to the test. Your goal is to retrace the estate\u2019s history and solve the riddles in the Ch\u00e2teau\u2019s former stables !<\/p><p>With family or friends, ages 12 and up.<\/p><p>\u00a0<\/p><p><strong>Price: \u20ac15 per person<\/strong><\/p><p>\u00a0<\/p><p>2 to 7 people per session<\/p><p>\u00a0<\/p><p>For any specific request and\/or event, feel free to call us for more information.<\/p>\t\t\t\t\t\t\t\t<\/div>\n\t\t\t\t<\/div>\n\t\t\t\t<\/div>\n\t\t\t\t<\/div>\n\t\t\t\t\t<\/div>\n\t\t\t\t<\/div>\n\t\t<div class=\"elementor-element elementor-element-68696c5 e-flex e-con-boxed e-con e-parent\" data-id=\"68696c5\" data-element_type=\"container\" data-e-type=\"container\">\n\t\t\t\t\t<div class=\"e-con-inner\">\n\t\t\t\t<div class=\"elementor-element elementor-element-4747e4e elementor-widget elementor-widget-heading\" data-id=\"4747e4e\" data-element_type=\"widget\" data-e-type=\"widget\" data-widget_type=\"heading.default\">\n\t\t\t\t<div class=\"elementor-widget-container\">\n\t\t\t\t\t<h2 class=\"elementor-heading-title elementor-size-default\">Seminars &amp; Groups<\/h2>\t\t\t\t<\/div>\n\t\t\t\t<\/div>\n\t\t\t\t\t<\/div>\n\t\t\t\t<\/div>\n\t\t<div class=\"elementor-element elementor-element-7ff6e2c e-flex e-con-boxed e-con e-parent\" data-id=\"7ff6e2c\" data-element_type=\"container\" data-e-type=\"container\">\n\t\t\t\t\t<div class=\"e-con-inner\">\n\t\t<div class=\"elementor-element elementor-element-959da03 e-con-full e-flex e-con e-child\" data-id=\"959da03\" data-element_type=\"container\" data-e-type=\"container\">\n\t\t\t\t<div class=\"elementor-element elementor-element-6722be6 elementor-widget elementor-widget-image\" data-id=\"6722be6\" data-element_type=\"widget\" data-e-type=\"widget\" data-widget_type=\"image.default\">\n\t\t\t\t<div class=\"elementor-widget-container\">\n\t\t\t\t\t\t\t\t\t\t\t\t\t\t\t<img decoding=\"async\" width=\"1024\" height=\"768\" src=\"https:\/\/www.lisennes.fr\/wp-content\/uploads\/2025\/06\/P1010320-1024x768.jpg\" class=\"attachment-large size-large wp-image-2211\" alt=\"\" srcset=\"https:\/\/www.lisennes.fr\/wp-content\/uploads\/2025\/06\/P1010320-1024x768.jpg 1024w, https:\/\/www.lisennes.fr\/wp-content\/uploads\/2025\/06\/P1010320-300x225.jpg 300w, https:\/\/www.lisennes.fr\/wp-content\/uploads\/2025\/06\/P1010320-600x450.jpg 600w, https:\/\/www.lisennes.fr\/wp-content\/uploads\/2025\/06\/P1010320-768x576.jpg 768w, https:\/\/www.lisennes.fr\/wp-content\/uploads\/2025\/06\/P1010320-1536x1152.jpg 1536w, https:\/\/www.lisennes.fr\/wp-content\/uploads\/2025\/06\/P1010320-2048x1536.jpg 2048w\" sizes=\"(max-width: 1024px) 100vw, 1024px\" \/>\t\t\t\t\t\t\t\t\t\t\t\t\t\t\t<\/div>\n\t\t\t\t<\/div>\n\t\t\t\t<\/div>\n\t\t<div class=\"elementor-element elementor-element-ca7ef04 e-con-full e-flex e-con e-child\" data-id=\"ca7ef04\" data-element_type=\"container\" data-e-type=\"container\">\n\t\t<div class=\"elementor-element elementor-element-019dbe8 e-con-full e-flex e-con e-child\" data-id=\"019dbe8\" data-element_type=\"container\" data-e-type=\"container\">\n\t\t\t\t<div class=\"elementor-element elementor-element-f8de49d elementor-widget elementor-widget-text-editor\" data-id=\"f8de49d\" data-element_type=\"widget\" data-e-type=\"widget\" data-widget_type=\"text-editor.default\">\n\t\t\t\t<div class=\"elementor-widget-container\">\n\t\t\t\t\t\t\t\t\t<p>La Coucoutte (the harvesters\u2019 house) will welcome you with its unique charm.<\/p><p>This 15th-century building will offer you a timeless experience. Its large wooden table, made from trees from the estate, provides the perfect setting for your group to enjoy a warm and friendly moment.<\/p><p>A kitchen is at your disposal if needed. Our local caterer can also prepare seasonal dishes.<\/p><p>\u00a0<\/p><p>Your team will be able to enjoy this moment in a simple, joyful, and cheerful atmosphere.<\/p><p>\u00a0<\/p><p>You\u2019ll have the option to combine the various activities offered at the Ch\u00e2teau (Escape Game, tour, tasting, meal, etc).<\/p><p>\u00a0<\/p><p><strong>Please contact us for a personalized quote.<\/strong><\/p>\t\t\t\t\t\t\t\t<\/div>\n\t\t\t\t<\/div>\n\t\t\t\t<\/div>\n\t\t\t\t<\/div>\n\t\t\t\t\t<\/div>\n\t\t\t\t<\/div>\n\t\t\t\t<\/div>","protected":false},"excerpt":{"rendered":"<p>Visite &amp; D\u00e9gustation Nous serions ravis de vous accueillir pour une visite de la propri\u00e9t\u00e9.Situ\u00e9 \u00e0 seulement 15 minutes du centre de Bordeaux, le domaine est compos\u00e9 de plusieurs belles b\u00e2tisses des XV\u1d49 et XVIII\u1d49 si\u00e8cles. Vous d\u00e9couvrirez l&rsquo;histoire du domaine et visiterez nos installations techniques (chais de vinification) pour terminer avec la d\u00e9gustation de [&hellip;]<\/p>\n","protected":false},"author":1,"featured_media":0,"parent":0,"menu_order":0,"comment_status":"closed","ping_status":"closed","template":"","meta":{"site-sidebar-layout":"no-sidebar","site-content-layout":"page-builder","ast-site-content-layout":"full-width-container","site-content-style":"default","site-sidebar-style":"default","ast-global-header-display":"","ast-banner-title-visibility":"","ast-main-header-display":"","ast-hfb-above-header-display":"","ast-hfb-below-header-display":"","ast-hfb-mobile-header-display":"","site-post-title":"disabled","ast-breadcrumbs-content":"","ast-featured-img":"disabled","footer-sml-layout":"","ast-disable-related-posts":"","theme-transparent-header-meta":"","adv-header-id-meta":"","stick-header-meta":"","header-above-stick-meta":"","header-main-stick-meta":"","header-below-stick-meta":"","astra-migrate-meta-layouts":"set","ast-page-background-enabled":"default","ast-page-background-meta":{"desktop":{"background-color":"var(--ast-global-color-4)","background-image":"","background-repeat":"repeat","background-position":"center center","background-size":"auto","background-attachment":"scroll","background-type":"","background-media":"","overlay-type":"","overlay-color":"","overlay-opacity":"","overlay-gradient":""},"tablet":{"background-color":"","background-image":"","background-repeat":"repeat","background-position":"center center","background-size":"auto","background-attachment":"scroll","background-type":"","background-media":"","overlay-type":"","overlay-color":"","overlay-opacity":"","overlay-gradient":""},"mobile":{"background-color":"","background-image":"","background-repeat":"repeat","background-position":"center center","background-size":"auto","background-attachment":"scroll","background-type":"","background-media":"","overlay-type":"","overlay-color":"","overlay-opacity":"","overlay-gradient":""}},"ast-content-background-meta":{"desktop":{"background-color":"var(--ast-global-color-5)","background-image":"","background-repeat":"repeat","background-position":"center center","background-size":"auto","background-attachment":"scroll","background-type":"","background-media":"","overlay-type":"","overlay-color":"","overlay-opacity":"","overlay-gradient":""},"tablet":{"background-color":"var(--ast-global-color-5)","background-image":"","background-repeat":"repeat","background-position":"center center","background-size":"auto","background-attachment":"scroll","background-type":"","background-media":"","overlay-type":"","overlay-color":"","overlay-opacity":"","overlay-gradient":""},"mobile":{"background-color":"var(--ast-global-color-5)","background-image":"","background-repeat":"repeat","background-position":"center center","background-size":"auto","background-attachment":"scroll","background-type":"","background-media":"","overlay-type":"","overlay-color":"","overlay-opacity":"","overlay-gradient":""}},"footnotes":""},"class_list":["post-1785","page","type-page","status-publish","hentry"],"_links":{"self":[{"href":"https:\/\/www.lisennes.fr\/en\/wp-json\/wp\/v2\/pages\/1785","targetHints":{"allow":["GET"]}}],"collection":[{"href":"https:\/\/www.lisennes.fr\/en\/wp-json\/wp\/v2\/pages"}],"about":[{"href":"https:\/\/www.lisennes.fr\/en\/wp-json\/wp\/v2\/types\/page"}],"author":[{"embeddable":true,"href":"https:\/\/www.lisennes.fr\/en\/wp-json\/wp\/v2\/users\/1"}],"replies":[{"embeddable":true,"href":"https:\/\/www.lisennes.fr\/en\/wp-json\/wp\/v2\/comments?post=1785"}],"version-history":[{"count":109,"href":"https:\/\/www.lisennes.fr\/en\/wp-json\/wp\/v2\/pages\/1785\/revisions"}],"predecessor-version":[{"id":2770,"href":"https:\/\/www.lisennes.fr\/en\/wp-json\/wp\/v2\/pages\/1785\/revisions\/2770"}],"wp:attachment":[{"href":"https:\/\/www.lisennes.fr\/en\/wp-json\/wp\/v2\/media?parent=1785"}],"curies":[{"name":"wp","href":"https:\/\/api.w.org\/{rel}","templated":true}]}}