{"id":15,"date":"2025-06-10T08:21:51","date_gmt":"2025-06-10T06:21:51","guid":{"rendered":"https:\/\/www.lisennes.fr\/nouveau-site\/services\/"},"modified":"2025-06-17T15:14:30","modified_gmt":"2025-06-17T13:14:30","slug":"services","status":"publish","type":"page","link":"https:\/\/www.lisennes.fr\/en\/services\/","title":{"rendered":"Environment"},"content":{"rendered":"<div data-elementor-type=\"wp-page\" data-elementor-id=\"15\" class=\"elementor elementor-15\">\n\t\t\t\t<div class=\"elementor-element elementor-element-93263f3 e-flex e-con-boxed e-con e-parent\" data-id=\"93263f3\" data-element_type=\"container\" data-e-type=\"container\" data-settings=\"{&quot;background_background&quot;:&quot;classic&quot;}\">\n\t\t\t\t\t<div class=\"e-con-inner\">\n\t\t<div class=\"elementor-element elementor-element-6c32ff7 e-flex e-con-boxed e-con e-child\" data-id=\"6c32ff7\" data-element_type=\"container\" data-e-type=\"container\">\n\t\t\t\t\t<div class=\"e-con-inner\">\n\t\t\t\t\t<\/div>\n\t\t\t\t<\/div>\n\t\t\t\t\t<\/div>\n\t\t\t\t<\/div>\n\t\t<div class=\"elementor-element elementor-element-8943fe3 e-flex e-con-boxed e-con e-parent\" data-id=\"8943fe3\" data-element_type=\"container\" data-e-type=\"container\">\n\t\t\t\t\t<div class=\"e-con-inner\">\n\t\t\t\t\t<\/div>\n\t\t\t\t<\/div>\n\t\t<div class=\"elementor-element elementor-element-5fe0a85 e-grid e-con-boxed e-con e-parent\" data-id=\"5fe0a85\" data-element_type=\"container\" data-e-type=\"container\">\n\t\t\t\t\t<div class=\"e-con-inner\">\n\t\t\t\t<div class=\"elementor-element elementor-element-3e69417 elementor-widget elementor-widget-image\" data-id=\"3e69417\" data-element_type=\"widget\" data-e-type=\"widget\" data-widget_type=\"image.default\">\n\t\t\t\t<div class=\"elementor-widget-container\">\n\t\t\t\t\t\t\t\t\t\t\t\t\t\t\t<img decoding=\"async\" width=\"178\" height=\"180\" src=\"https:\/\/www.lisennes.fr\/wp-content\/uploads\/2025\/06\/logo_terra_vin.jpg\" class=\"attachment-large size-large wp-image-2469\" alt=\"\" srcset=\"https:\/\/www.lisennes.fr\/wp-content\/uploads\/2025\/06\/logo_terra_vin.jpg 178w, https:\/\/www.lisennes.fr\/wp-content\/uploads\/2025\/06\/logo_terra_vin-100x100.jpg 100w, https:\/\/www.lisennes.fr\/wp-content\/uploads\/2025\/06\/logo_terra_vin-12x12.jpg 12w\" sizes=\"(max-width: 178px) 100vw, 178px\" \/>\t\t\t\t\t\t\t\t\t\t\t\t\t\t\t<\/div>\n\t\t\t\t<\/div>\n\t\t\t\t<div class=\"elementor-element elementor-element-fa844b8 elementor-widget elementor-widget-heading\" data-id=\"fa844b8\" data-element_type=\"widget\" data-e-type=\"widget\" data-widget_type=\"heading.default\">\n\t\t\t\t<div class=\"elementor-widget-container\">\n\t\t\t\t\t<h2 class=\"elementor-heading-title elementor-size-default\">Sustainable Agriculture<\/h2>\t\t\t\t<\/div>\n\t\t\t\t<\/div>\n\t\t\t\t<div class=\"elementor-element elementor-element-e9968e8 elementor-widget elementor-widget-image\" data-id=\"e9968e8\" data-element_type=\"widget\" data-e-type=\"widget\" data-widget_type=\"image.default\">\n\t\t\t\t<div class=\"elementor-widget-container\">\n\t\t\t\t\t\t\t\t\t\t\t\t\t\t\t<img decoding=\"async\" width=\"147\" height=\"147\" src=\"https:\/\/www.lisennes.fr\/wp-content\/uploads\/2025\/06\/hve.png\" class=\"attachment-large size-large wp-image-2470\" alt=\"\" srcset=\"https:\/\/www.lisennes.fr\/wp-content\/uploads\/2025\/06\/hve.png 147w, https:\/\/www.lisennes.fr\/wp-content\/uploads\/2025\/06\/hve-100x100.png 100w, https:\/\/www.lisennes.fr\/wp-content\/uploads\/2025\/06\/hve-12x12.png 12w\" sizes=\"(max-width: 147px) 100vw, 147px\" \/>\t\t\t\t\t\t\t\t\t\t\t\t\t\t\t<\/div>\n\t\t\t\t<\/div>\n\t\t\t\t\t<\/div>\n\t\t\t\t<\/div>\n\t\t<div class=\"elementor-element elementor-element-a41b760 e-flex e-con-boxed e-con e-parent\" data-id=\"a41b760\" data-element_type=\"container\" data-e-type=\"container\">\n\t\t\t\t\t<div class=\"e-con-inner\">\n\t\t<div class=\"elementor-element elementor-element-94ff7f5 e-con-full e-flex e-con e-child\" data-id=\"94ff7f5\" data-element_type=\"container\" data-e-type=\"container\">\n\t\t\t\t<div class=\"elementor-element elementor-element-365dd33 elementor-widget elementor-widget-image\" data-id=\"365dd33\" data-element_type=\"widget\" data-e-type=\"widget\" data-widget_type=\"image.default\">\n\t\t\t\t<div class=\"elementor-widget-container\">\n\t\t\t\t\t\t\t\t\t\t\t\t\t\t\t<img fetchpriority=\"high\" decoding=\"async\" width=\"1024\" height=\"768\" src=\"https:\/\/www.lisennes.fr\/wp-content\/uploads\/2025\/06\/P1010760-1024x768.jpg\" class=\"attachment-large size-large wp-image-2145\" alt=\"\" srcset=\"https:\/\/www.lisennes.fr\/wp-content\/uploads\/2025\/06\/P1010760-1024x768.jpg 1024w, https:\/\/www.lisennes.fr\/wp-content\/uploads\/2025\/06\/P1010760-300x225.jpg 300w, https:\/\/www.lisennes.fr\/wp-content\/uploads\/2025\/06\/P1010760-600x450.jpg 600w, https:\/\/www.lisennes.fr\/wp-content\/uploads\/2025\/06\/P1010760-768x576.jpg 768w, https:\/\/www.lisennes.fr\/wp-content\/uploads\/2025\/06\/P1010760-1536x1152.jpg 1536w, https:\/\/www.lisennes.fr\/wp-content\/uploads\/2025\/06\/P1010760-2048x1536.jpg 2048w\" sizes=\"(max-width: 1024px) 100vw, 1024px\" \/>\t\t\t\t\t\t\t\t\t\t\t\t\t\t\t<\/div>\n\t\t\t\t<\/div>\n\t\t\t\t<\/div>\n\t\t<div class=\"elementor-element elementor-element-ca85f3f e-con-full e-flex e-con e-child\" data-id=\"ca85f3f\" data-element_type=\"container\" data-e-type=\"container\">\n\t\t\t\t<div class=\"elementor-element elementor-element-7edcd91 elementor-widget elementor-widget-text-editor\" data-id=\"7edcd91\" data-element_type=\"widget\" data-e-type=\"widget\" data-widget_type=\"text-editor.default\">\n\t\t\t\t<div class=\"elementor-widget-container\">\n\t\t\t\t\t\t\t\t\t<p class=\"translation-block\">The particular character of all wine comes mainly from its grapes, and one of our priorities at Lisennes is not to interfere with our land and environment.  The whole vineyard is managed in a way that reflects this and everything we do is in line with Agriculture Raisonn\u00e9e  (Sustainable Winegrowing).  It implies methods that respect the soil, viticulture and vinification techniques, and also traceability (the recording of all detail of running the business).  We pay particular attention to minimise our impact on life for Lisennes flora and fauna, and any use of chemicals is strictly controlled.<\/p>\t\t\t\t\t\t\t\t<\/div>\n\t\t\t\t<\/div>\n\t\t\t\t<\/div>\n\t\t\t\t\t<\/div>\n\t\t\t\t<\/div>\n\t\t<div class=\"elementor-element elementor-element-2ab2f1a e-flex e-con-boxed e-con e-parent\" data-id=\"2ab2f1a\" data-element_type=\"container\" data-e-type=\"container\">\n\t\t\t\t\t<div class=\"e-con-inner\">\n\t\t<div class=\"elementor-element elementor-element-a08b581 e-con-full e-flex e-con e-child\" data-id=\"a08b581\" data-element_type=\"container\" data-e-type=\"container\">\n\t\t\t\t<div class=\"elementor-element elementor-element-cefd0e8 elementor-widget elementor-widget-image\" data-id=\"cefd0e8\" data-element_type=\"widget\" data-e-type=\"widget\" data-widget_type=\"image.default\">\n\t\t\t\t<div class=\"elementor-widget-container\">\n\t\t\t\t\t\t\t\t\t\t\t\t\t\t\t<img loading=\"lazy\" decoding=\"async\" width=\"1024\" height=\"768\" src=\"https:\/\/www.lisennes.fr\/wp-content\/uploads\/2025\/06\/P1020113-1024x768.jpg\" class=\"attachment-large size-large wp-image-2194\" alt=\"\" srcset=\"https:\/\/www.lisennes.fr\/wp-content\/uploads\/2025\/06\/P1020113-1024x768.jpg 1024w, https:\/\/www.lisennes.fr\/wp-content\/uploads\/2025\/06\/P1020113-300x225.jpg 300w, https:\/\/www.lisennes.fr\/wp-content\/uploads\/2025\/06\/P1020113-600x450.jpg 600w, https:\/\/www.lisennes.fr\/wp-content\/uploads\/2025\/06\/P1020113-768x576.jpg 768w, https:\/\/www.lisennes.fr\/wp-content\/uploads\/2025\/06\/P1020113-1536x1152.jpg 1536w, https:\/\/www.lisennes.fr\/wp-content\/uploads\/2025\/06\/P1020113-2048x1536.jpg 2048w\" sizes=\"(max-width: 1024px) 100vw, 1024px\" \/>\t\t\t\t\t\t\t\t\t\t\t\t\t\t\t<\/div>\n\t\t\t\t<\/div>\n\t\t\t\t<\/div>\n\t\t<div class=\"elementor-element elementor-element-e90bdf0 e-con-full e-flex e-con e-child\" data-id=\"e90bdf0\" data-element_type=\"container\" data-e-type=\"container\">\n\t\t\t\t<div class=\"elementor-element elementor-element-7039f4a elementor-widget elementor-widget-text-editor\" data-id=\"7039f4a\" data-element_type=\"widget\" data-e-type=\"widget\" data-widget_type=\"text-editor.default\">\n\t\t\t\t<div class=\"elementor-widget-container\">\n\t\t\t\t\t\t\t\t\t<p class=\"translation-block\">In 2009 we received a certificate for Agriculture Raisonn\u00e9e.  We are members of Terra Vitis, an organisation of vineyards making environmental efforts.<\/p><p class=\"translation-block\">In 2013, we achieved the highest level of the HVE (High Environmental Value) certification \u2013 Level III.<\/p><p class=\"translation-block\">Of course we are proud of this recognition, but our family really appreciates having vines and soils in good health and producing our raw material - healthy grapes.<\/p>\t\t\t\t\t\t\t\t<\/div>\n\t\t\t\t<\/div>\n\t\t\t\t<\/div>\n\t\t\t\t\t<\/div>\n\t\t\t\t<\/div>\n\t\t<div class=\"elementor-element elementor-element-fd49e8c e-grid e-con-boxed e-con e-parent\" data-id=\"fd49e8c\" data-element_type=\"container\" data-e-type=\"container\">\n\t\t\t\t\t<div class=\"e-con-inner\">\n\t\t\t\t<div class=\"elementor-element elementor-element-0c3ec79 elementor-widget elementor-widget-image\" data-id=\"0c3ec79\" data-element_type=\"widget\" data-e-type=\"widget\" data-widget_type=\"image.default\">\n\t\t\t\t<div class=\"elementor-widget-container\">\n\t\t\t\t\t\t\t\t\t\t\t\t\t\t\t<img loading=\"lazy\" decoding=\"async\" width=\"225\" height=\"225\" src=\"https:\/\/www.lisennes.fr\/wp-content\/uploads\/2025\/06\/bio.png\" class=\"attachment-large size-large wp-image-2451\" alt=\"\" srcset=\"https:\/\/www.lisennes.fr\/wp-content\/uploads\/2025\/06\/bio.png 225w, https:\/\/www.lisennes.fr\/wp-content\/uploads\/2025\/06\/bio-100x100.png 100w, https:\/\/www.lisennes.fr\/wp-content\/uploads\/2025\/06\/bio-150x150.png 150w, https:\/\/www.lisennes.fr\/wp-content\/uploads\/2025\/06\/bio-12x12.png 12w\" sizes=\"(max-width: 225px) 100vw, 225px\" \/>\t\t\t\t\t\t\t\t\t\t\t\t\t\t\t<\/div>\n\t\t\t\t<\/div>\n\t\t\t\t<div class=\"elementor-element elementor-element-d6f32f0 elementor-widget elementor-widget-heading\" data-id=\"d6f32f0\" data-element_type=\"widget\" data-e-type=\"widget\" data-widget_type=\"heading.default\">\n\t\t\t\t<div class=\"elementor-widget-container\">\n\t\t\t\t\t<h2 class=\"elementor-heading-title elementor-size-default\">Organic Farming<\/h2>\t\t\t\t<\/div>\n\t\t\t\t<\/div>\n\t\t\t\t<div class=\"elementor-element elementor-element-0dd24ed elementor-widget elementor-widget-image\" data-id=\"0dd24ed\" data-element_type=\"widget\" data-e-type=\"widget\" data-widget_type=\"image.default\">\n\t\t\t\t<div class=\"elementor-widget-container\">\n\t\t\t\t\t\t\t\t\t\t\t\t\t\t\t<img loading=\"lazy\" decoding=\"async\" width=\"183\" height=\"152\" src=\"https:\/\/www.lisennes.fr\/wp-content\/uploads\/2025\/06\/bio-feuille-europe.png\" class=\"attachment-large size-large wp-image-2452\" alt=\"\" srcset=\"https:\/\/www.lisennes.fr\/wp-content\/uploads\/2025\/06\/bio-feuille-europe.png 183w, https:\/\/www.lisennes.fr\/wp-content\/uploads\/2025\/06\/bio-feuille-europe-14x12.png 14w\" sizes=\"(max-width: 183px) 100vw, 183px\" \/>\t\t\t\t\t\t\t\t\t\t\t\t\t\t\t<\/div>\n\t\t\t\t<\/div>\n\t\t\t\t\t<\/div>\n\t\t\t\t<\/div>\n\t\t<div class=\"elementor-element elementor-element-8d29f44 e-flex e-con-boxed e-con e-parent\" data-id=\"8d29f44\" data-element_type=\"container\" data-e-type=\"container\">\n\t\t\t\t\t<div class=\"e-con-inner\">\n\t\t<div class=\"elementor-element elementor-element-530a569 e-con-full e-flex e-con e-child\" data-id=\"530a569\" data-element_type=\"container\" data-e-type=\"container\">\n\t\t\t\t<div class=\"elementor-element elementor-element-c66ba6d elementor-widget elementor-widget-image\" data-id=\"c66ba6d\" data-element_type=\"widget\" data-e-type=\"widget\" data-widget_type=\"image.default\">\n\t\t\t\t<div class=\"elementor-widget-container\">\n\t\t\t\t\t\t\t\t\t\t\t\t\t\t\t<img loading=\"lazy\" decoding=\"async\" width=\"1024\" height=\"768\" src=\"https:\/\/www.lisennes.fr\/wp-content\/uploads\/2025\/06\/P1020508-1024x768.jpg\" class=\"attachment-large size-large wp-image-2198\" alt=\"\" srcset=\"https:\/\/www.lisennes.fr\/wp-content\/uploads\/2025\/06\/P1020508-1024x768.jpg 1024w, https:\/\/www.lisennes.fr\/wp-content\/uploads\/2025\/06\/P1020508-300x225.jpg 300w, https:\/\/www.lisennes.fr\/wp-content\/uploads\/2025\/06\/P1020508-600x450.jpg 600w, https:\/\/www.lisennes.fr\/wp-content\/uploads\/2025\/06\/P1020508-768x576.jpg 768w, https:\/\/www.lisennes.fr\/wp-content\/uploads\/2025\/06\/P1020508-1536x1152.jpg 1536w, https:\/\/www.lisennes.fr\/wp-content\/uploads\/2025\/06\/P1020508-2048x1536.jpg 2048w\" sizes=\"(max-width: 1024px) 100vw, 1024px\" \/>\t\t\t\t\t\t\t\t\t\t\t\t\t\t\t<\/div>\n\t\t\t\t<\/div>\n\t\t\t\t<\/div>\n\t\t<div class=\"elementor-element elementor-element-ccbc742 e-con-full e-flex e-con e-child\" data-id=\"ccbc742\" data-element_type=\"container\" data-e-type=\"container\">\n\t\t\t\t<div class=\"elementor-element elementor-element-262ce0e elementor-widget elementor-widget-text-editor\" data-id=\"262ce0e\" data-element_type=\"widget\" data-e-type=\"widget\" data-widget_type=\"text-editor.default\">\n\t\t\t\t<div class=\"elementor-widget-container\">\n\t\t\t\t\t\t\t\t\t<p class=\"translation-block\">In 2010 we began cultivating two separate parcels of Merlot using Organic Farming rules that insist on mechanical weed control, encourage insects who eat harmful bugs, pheromone control of pests, and the sole use of only sulphur and copper sprays.  In the cellar, we also respect nature.<\/p>\t\t\t\t\t\t\t\t<\/div>\n\t\t\t\t<\/div>\n\t\t\t\t<\/div>\n\t\t\t\t\t<\/div>\n\t\t\t\t<\/div>\n\t\t<div class=\"elementor-element elementor-element-8ff5983 e-flex e-con-boxed e-con e-parent\" data-id=\"8ff5983\" data-element_type=\"container\" data-e-type=\"container\">\n\t\t\t\t\t<div class=\"e-con-inner\">\n\t\t<div class=\"elementor-element elementor-element-65dcf6b e-con-full e-flex e-con e-child\" data-id=\"65dcf6b\" data-element_type=\"container\" data-e-type=\"container\">\n\t\t\t\t<div class=\"elementor-element elementor-element-5960a56 elementor-widget elementor-widget-image\" data-id=\"5960a56\" data-element_type=\"widget\" data-e-type=\"widget\" data-widget_type=\"image.default\">\n\t\t\t\t<div class=\"elementor-widget-container\">\n\t\t\t\t\t\t\t\t\t\t\t\t\t\t\t<img loading=\"lazy\" decoding=\"async\" width=\"1024\" height=\"768\" src=\"https:\/\/www.lisennes.fr\/wp-content\/uploads\/2025\/06\/P1010492-1024x768.jpg\" class=\"attachment-large size-large wp-image-2202\" alt=\"\" srcset=\"https:\/\/www.lisennes.fr\/wp-content\/uploads\/2025\/06\/P1010492-1024x768.jpg 1024w, https:\/\/www.lisennes.fr\/wp-content\/uploads\/2025\/06\/P1010492-300x225.jpg 300w, https:\/\/www.lisennes.fr\/wp-content\/uploads\/2025\/06\/P1010492-600x450.jpg 600w, https:\/\/www.lisennes.fr\/wp-content\/uploads\/2025\/06\/P1010492-768x576.jpg 768w, https:\/\/www.lisennes.fr\/wp-content\/uploads\/2025\/06\/P1010492-1536x1152.jpg 1536w, https:\/\/www.lisennes.fr\/wp-content\/uploads\/2025\/06\/P1010492-2048x1536.jpg 2048w\" sizes=\"(max-width: 1024px) 100vw, 1024px\" \/>\t\t\t\t\t\t\t\t\t\t\t\t\t\t\t<\/div>\n\t\t\t\t<\/div>\n\t\t\t\t<\/div>\n\t\t<div class=\"elementor-element elementor-element-f9c9498 e-con-full e-flex e-con e-child\" data-id=\"f9c9498\" data-element_type=\"container\" data-e-type=\"container\">\n\t\t\t\t<div class=\"elementor-element elementor-element-decccef elementor-widget elementor-widget-text-editor\" data-id=\"decccef\" data-element_type=\"widget\" data-e-type=\"widget\" data-widget_type=\"text-editor.default\">\n\t\t\t\t<div class=\"elementor-widget-container\">\n\t\t\t\t\t\t\t\t\t<p class=\"translation-block\">It took 3 years of conversion and in 2013, we released our first Organic red and ros\u00e9 wines.<\/p><p class=\"translation-block\">Today, 20 hectares are certified organic: Merlot, and also Cabernet Franc, Cabernet Sauvignon, and Malbec for the reds, as well as Sauvignon Blanc and Sauvignon Gris for the whites.<\/p>\t\t\t\t\t\t\t\t<\/div>\n\t\t\t\t<\/div>\n\t\t\t\t<\/div>\n\t\t\t\t\t<\/div>\n\t\t\t\t<\/div>\n\t\t<div class=\"elementor-element elementor-element-966a3d2 e-flex e-con-boxed e-con e-parent\" data-id=\"966a3d2\" data-element_type=\"container\" data-e-type=\"container\">\n\t\t\t\t\t<div class=\"e-con-inner\">\n\t\t\t\t<div class=\"elementor-element elementor-element-2f773e7 elementor-widget elementor-widget-heading\" data-id=\"2f773e7\" data-element_type=\"widget\" data-e-type=\"widget\" data-widget_type=\"heading.default\">\n\t\t\t\t<div class=\"elementor-widget-container\">\n\t\t\t\t\t<h2 class=\"elementor-heading-title elementor-size-default\">Our Commitments<\/h2>\t\t\t\t<\/div>\n\t\t\t\t<\/div>\n\t\t\t\t\t<\/div>\n\t\t\t\t<\/div>\n\t\t<div class=\"elementor-element elementor-element-885815e e-flex e-con-boxed e-con e-parent\" data-id=\"885815e\" data-element_type=\"container\" data-e-type=\"container\">\n\t\t\t\t\t<div class=\"e-con-inner\">\n\t\t<div class=\"elementor-element elementor-element-2ca6774 e-con-full e-flex e-con e-child\" data-id=\"2ca6774\" data-element_type=\"container\" data-e-type=\"container\">\n\t\t\t\t<div class=\"elementor-element elementor-element-1fc04c3 elementor-widget elementor-widget-image\" data-id=\"1fc04c3\" data-element_type=\"widget\" data-e-type=\"widget\" data-widget_type=\"image.default\">\n\t\t\t\t<div class=\"elementor-widget-container\">\n\t\t\t\t\t\t\t\t\t\t\t\t\t\t\t<img loading=\"lazy\" decoding=\"async\" width=\"1024\" height=\"768\" src=\"https:\/\/www.lisennes.fr\/wp-content\/uploads\/2025\/06\/P1020533-1024x768.jpg\" class=\"attachment-large size-large wp-image-2190\" alt=\"\" srcset=\"https:\/\/www.lisennes.fr\/wp-content\/uploads\/2025\/06\/P1020533-1024x768.jpg 1024w, https:\/\/www.lisennes.fr\/wp-content\/uploads\/2025\/06\/P1020533-300x225.jpg 300w, https:\/\/www.lisennes.fr\/wp-content\/uploads\/2025\/06\/P1020533-600x450.jpg 600w, https:\/\/www.lisennes.fr\/wp-content\/uploads\/2025\/06\/P1020533-768x576.jpg 768w, https:\/\/www.lisennes.fr\/wp-content\/uploads\/2025\/06\/P1020533-1536x1152.jpg 1536w, https:\/\/www.lisennes.fr\/wp-content\/uploads\/2025\/06\/P1020533-2048x1536.jpg 2048w\" sizes=\"(max-width: 1024px) 100vw, 1024px\" \/>\t\t\t\t\t\t\t\t\t\t\t\t\t\t\t<\/div>\n\t\t\t\t<\/div>\n\t\t\t\t<\/div>\n\t\t<div class=\"elementor-element elementor-element-953cda6 e-con-full e-flex e-con e-child\" data-id=\"953cda6\" data-element_type=\"container\" data-e-type=\"container\">\n\t\t\t\t<div class=\"elementor-element elementor-element-6d3ede0 elementor-widget elementor-widget-text-editor\" data-id=\"6d3ede0\" data-element_type=\"widget\" data-e-type=\"widget\" data-widget_type=\"text-editor.default\">\n\t\t\t\t<div class=\"elementor-widget-container\">\n\t\t\t\t\t\t\t\t\t<p class=\"translation-block\">Our primary mission is to produce high-quality wines that reflect our exceptional terroir, while staying true to our ecological values. We have introduced several methods to this end. Here are a few examples :<\/p><p>We have a total of 15 plots of vineyard at Lisennes and use state of the art methods of observation and recording every detail: meteorology, disease statistics, the capture and population estimates of insects, both good and harmful<\/p><p class=\"translation-block\">The roof of our cellar is covered with photovoltaic panels, allowing us to produce as much electricity as we consume.<\/p><p class=\"translation-block\">We only use products that are healthy to plants and do not use weedkillers. We use no known cancer producing products or things that interfere with human or wildlife reproduction.<\/p>\t\t\t\t\t\t\t\t<\/div>\n\t\t\t\t<\/div>\n\t\t\t\t<\/div>\n\t\t\t\t\t<\/div>\n\t\t\t\t<\/div>\n\t\t<div class=\"elementor-element elementor-element-b8be585 e-flex e-con-boxed e-con e-parent\" data-id=\"b8be585\" data-element_type=\"container\" data-e-type=\"container\">\n\t\t\t\t\t<div class=\"e-con-inner\">\n\t\t<div class=\"elementor-element elementor-element-1be5bc4 e-con-full e-flex e-con e-child\" data-id=\"1be5bc4\" data-element_type=\"container\" data-e-type=\"container\">\n\t\t\t\t<div class=\"elementor-element elementor-element-0152374 elementor-widget elementor-widget-image\" data-id=\"0152374\" data-element_type=\"widget\" data-e-type=\"widget\" data-widget_type=\"image.default\">\n\t\t\t\t<div class=\"elementor-widget-container\">\n\t\t\t\t\t\t\t\t\t\t\t\t\t\t\t<img loading=\"lazy\" decoding=\"async\" width=\"1024\" height=\"815\" src=\"https:\/\/www.lisennes.fr\/wp-content\/uploads\/2025\/06\/vigne-bouton-dor-1-1024x815.jpg\" class=\"attachment-large size-large wp-image-2182\" alt=\"\" srcset=\"https:\/\/www.lisennes.fr\/wp-content\/uploads\/2025\/06\/vigne-bouton-dor-1-1024x815.jpg 1024w, https:\/\/www.lisennes.fr\/wp-content\/uploads\/2025\/06\/vigne-bouton-dor-1-600x478.jpg 600w, https:\/\/www.lisennes.fr\/wp-content\/uploads\/2025\/06\/vigne-bouton-dor-1-300x239.jpg 300w, https:\/\/www.lisennes.fr\/wp-content\/uploads\/2025\/06\/vigne-bouton-dor-1-768x612.jpg 768w, https:\/\/www.lisennes.fr\/wp-content\/uploads\/2025\/06\/vigne-bouton-dor-1.jpg 1198w\" sizes=\"(max-width: 1024px) 100vw, 1024px\" \/>\t\t\t\t\t\t\t\t\t\t\t\t\t\t\t<\/div>\n\t\t\t\t<\/div>\n\t\t\t\t<\/div>\n\t\t<div class=\"elementor-element elementor-element-918d571 e-con-full e-flex e-con e-child\" data-id=\"918d571\" data-element_type=\"container\" data-e-type=\"container\">\n\t\t\t\t<div class=\"elementor-element elementor-element-06d5172 elementor-widget elementor-widget-text-editor\" data-id=\"06d5172\" data-element_type=\"widget\" data-e-type=\"widget\" data-widget_type=\"text-editor.default\">\n\t\t\t\t<div class=\"elementor-widget-container\">\n\t\t\t\t\t\t\t\t\t<p class=\"translation-block\">We rely on alternative methods to chemical treatments, such as sexual confusion, mechanical weeding, soil cultivation, leaf thinning, and green harvesting to combat rot, as well as the use of living organisms to prevent and reduce the impact of certain pestsIn 2017 we encouraged bats by installing 13 bat boxes. Bats feed on many harmful vineyard pests. Each one can eat up to 1,000 insects per night !<\/p><p class=\"translation-block\">Several measures have been taken to preserve biodiversity : 925 meters of tree hedgerows, 2,000 meters of woodland edges, 1,930 meters of bushes (some very old, others planted by us), and 2 hillside lakes.<\/p>\t\t\t\t\t\t\t\t<\/div>\n\t\t\t\t<\/div>\n\t\t\t\t<\/div>\n\t\t\t\t\t<\/div>\n\t\t\t\t<\/div>\n\t\t\t\t<\/div>","protected":false},"excerpt":{"rendered":"<p>Agriculture Raisonn\u00e9e La typicit\u00e9 et la qualit\u00e9 d\u2019un vin viennent principalement des raisins, une de nos priorit\u00e9s est donc\u00a0le respect de la\u00a0terre\u00a0sur laquelle poussent nos vignes. L\u2019ensemble du vignoble est cultiv\u00e9 en\u00a0Agriculture Raisonn\u00e9e\u00a0(c\u2019est le mode d\u2019agriculture qui se situe entre l\u2019agriculture conventionnelle et l\u2019agriculture biologique). Cela implique plusieurs axes de travail comme le respect du [&hellip;]<\/p>\n","protected":false},"author":1,"featured_media":0,"parent":0,"menu_order":0,"comment_status":"closed","ping_status":"closed","template":"","meta":{"site-sidebar-layout":"no-sidebar","site-content-layout":"page-builder","ast-site-content-layout":"default","site-content-style":"default","site-sidebar-style":"default","ast-global-header-display":"","ast-banner-title-visibility":"","ast-main-header-display":"","ast-hfb-above-header-display":"","ast-hfb-below-header-display":"","ast-hfb-mobile-header-display":"","site-post-title":"disabled","ast-breadcrumbs-content":"","ast-featured-img":"disabled","footer-sml-layout":"","ast-disable-related-posts":"","theme-transparent-header-meta":"enabled","adv-header-id-meta":"","stick-header-meta":"","header-above-stick-meta":"","header-main-stick-meta":"","header-below-stick-meta":"","astra-migrate-meta-layouts":"default","ast-page-background-enabled":"default","ast-page-background-meta":{"desktop":{"background-color":"var(--ast-global-color-4)","background-image":"","background-repeat":"repeat","background-position":"center center","background-size":"auto","background-attachment":"scroll","background-type":"","background-media":"","overlay-type":"","overlay-color":"","overlay-opacity":"","overlay-gradient":""},"tablet":{"background-color":"","background-image":"","background-repeat":"repeat","background-position":"center center","background-size":"auto","background-attachment":"scroll","background-type":"","background-media":"","overlay-type":"","overlay-color":"","overlay-opacity":"","overlay-gradient":""},"mobile":{"background-color":"","background-image":"","background-repeat":"repeat","background-position":"center center","background-size":"auto","background-attachment":"scroll","background-type":"","background-media":"","overlay-type":"","overlay-color":"","overlay-opacity":"","overlay-gradient":""}},"ast-content-background-meta":{"desktop":{"background-color":"var(--ast-global-color-5)","background-image":"","background-repeat":"repeat","background-position":"center center","background-size":"auto","background-attachment":"scroll","background-type":"","background-media":"","overlay-type":"","overlay-color":"","overlay-opacity":"","overlay-gradient":""},"tablet":{"background-color":"var(--ast-global-color-5)","background-image":"","background-repeat":"repeat","background-position":"center center","background-size":"auto","background-attachment":"scroll","background-type":"","background-media":"","overlay-type":"","overlay-color":"","overlay-opacity":"","overlay-gradient":""},"mobile":{"background-color":"var(--ast-global-color-5)","background-image":"","background-repeat":"repeat","background-position":"center center","background-size":"auto","background-attachment":"scroll","background-type":"","background-media":"","overlay-type":"","overlay-color":"","overlay-opacity":"","overlay-gradient":""}},"footnotes":""},"class_list":["post-15","page","type-page","status-publish","hentry"],"_links":{"self":[{"href":"https:\/\/www.lisennes.fr\/en\/wp-json\/wp\/v2\/pages\/15","targetHints":{"allow":["GET"]}}],"collection":[{"href":"https:\/\/www.lisennes.fr\/en\/wp-json\/wp\/v2\/pages"}],"about":[{"href":"https:\/\/www.lisennes.fr\/en\/wp-json\/wp\/v2\/types\/page"}],"author":[{"embeddable":true,"href":"https:\/\/www.lisennes.fr\/en\/wp-json\/wp\/v2\/users\/1"}],"replies":[{"embeddable":true,"href":"https:\/\/www.lisennes.fr\/en\/wp-json\/wp\/v2\/comments?post=15"}],"version-history":[{"count":127,"href":"https:\/\/www.lisennes.fr\/en\/wp-json\/wp\/v2\/pages\/15\/revisions"}],"predecessor-version":[{"id":2476,"href":"https:\/\/www.lisennes.fr\/en\/wp-json\/wp\/v2\/pages\/15\/revisions\/2476"}],"wp:attachment":[{"href":"https:\/\/www.lisennes.fr\/en\/wp-json\/wp\/v2\/media?parent=15"}],"curies":[{"name":"wp","href":"https:\/\/api.w.org\/{rel}","templated":true}]}}