{"id":1779,"date":"2025-06-11T11:35:37","date_gmt":"2025-06-11T09:35:37","guid":{"rendered":"https:\/\/www.lisennes.fr\/nouveau-site\/?page_id=1779"},"modified":"2025-12-29T10:49:09","modified_gmt":"2025-12-29T09:49:09","slug":"actualites","status":"publish","type":"page","link":"http:\/\/www.lisennes.fr\/en\/actualites\/","title":{"rendered":"News"},"content":{"rendered":"<div data-elementor-type=\"wp-page\" data-elementor-id=\"1779\" class=\"elementor elementor-1779\">\n\t\t\t\t<div class=\"elementor-element elementor-element-ce44f59 e-flex e-con-boxed e-con e-parent\" data-id=\"ce44f59\" data-element_type=\"container\" data-e-type=\"container\">\n\t\t\t\t\t<div class=\"e-con-inner\">\n\t\t\t\t<div class=\"elementor-element elementor-element-8d4bda9 elementor-widget elementor-widget-heading\" data-id=\"8d4bda9\" data-element_type=\"widget\" data-e-type=\"widget\" data-widget_type=\"heading.default\">\n\t\t\t\t<div class=\"elementor-widget-container\">\n\t\t\t\t\t<h2 class=\"elementor-heading-title elementor-size-default\">News<\/h2>\t\t\t\t<\/div>\n\t\t\t\t<\/div>\n\t\t\t\t\t<\/div>\n\t\t\t\t<\/div>\n\t\t<div class=\"elementor-element elementor-element-43ed4b1 e-flex e-con-boxed e-con e-parent\" data-id=\"43ed4b1\" data-element_type=\"container\" data-e-type=\"container\">\n\t\t\t\t\t<div class=\"e-con-inner\">\n\t\t\t\t\t<\/div>\n\t\t\t\t<\/div>\n\t\t<div class=\"elementor-element elementor-element-2c4d37a e-flex e-con-boxed e-con e-parent\" data-id=\"2c4d37a\" data-element_type=\"container\" data-e-type=\"container\">\n\t\t\t\t\t<div class=\"e-con-inner\">\n\t\t\t\t<div class=\"elementor-element elementor-element-cdc710e elementor-widget elementor-widget-text-editor\" data-id=\"cdc710e\" data-element_type=\"widget\" data-e-type=\"widget\" data-widget_type=\"text-editor.default\">\n\t\t\t\t<div class=\"elementor-widget-container\">\n\t\t\t\t\t\t\t\t\t<p><strong>December 2025<\/strong><\/p>\t\t\t\t\t\t\t\t<\/div>\n\t\t\t\t<\/div>\n\t\t\t\t\t<\/div>\n\t\t\t\t<\/div>\n\t\t<div class=\"elementor-element elementor-element-82493cd e-flex e-con-boxed e-con e-parent\" data-id=\"82493cd\" data-element_type=\"container\" data-e-type=\"container\">\n\t\t\t\t\t<div class=\"e-con-inner\">\n\t\t\t\t<div class=\"elementor-element elementor-element-c5ca10e elementor-widget elementor-widget-text-editor\" data-id=\"c5ca10e\" data-element_type=\"widget\" data-e-type=\"widget\" data-widget_type=\"text-editor.default\">\n\t\t\t\t<div class=\"elementor-widget-container\">\n\t\t\t\t\t\t\t\t\t<p>\u00a0With autumn now fully settled in, our new<\/p><p>\u201cParcelles\u201d Dry White cuv\u00e9e is finally here.<\/p><p>From the recent 2025 vintage, this white wine made from Sauvignon Blanc and Sauvignon Gris will be a perfect match with oysters, fish, and cheese during the festive end-of-year celebrations.<\/p><p>\u00a0<\/p>\t\t\t\t\t\t\t\t<\/div>\n\t\t\t\t<\/div>\n\t\t\t\t\t<\/div>\n\t\t\t\t<\/div>\n\t\t<div class=\"elementor-element elementor-element-15ee956 e-flex e-con-boxed e-con e-parent\" data-id=\"15ee956\" data-element_type=\"container\" data-e-type=\"container\">\n\t\t\t\t\t<div class=\"e-con-inner\">\n\t\t\t\t<div class=\"elementor-element elementor-element-dece45c elementor-widget elementor-widget-image\" data-id=\"dece45c\" data-element_type=\"widget\" data-e-type=\"widget\" data-widget_type=\"image.default\">\n\t\t\t\t<div class=\"elementor-widget-container\">\n\t\t\t\t\t\t\t\t\t\t\t\t\t\t\t<img fetchpriority=\"high\" decoding=\"async\" width=\"786\" height=\"896\" src=\"https:\/\/www.lisennes.fr\/wp-content\/uploads\/2025\/12\/PBL25.png\" class=\"attachment-large size-large wp-image-2988\" alt=\"\" srcset=\"https:\/\/www.lisennes.fr\/wp-content\/uploads\/2025\/12\/PBL25.png 786w, https:\/\/www.lisennes.fr\/wp-content\/uploads\/2025\/12\/PBL25-263x300.png 263w, https:\/\/www.lisennes.fr\/wp-content\/uploads\/2025\/12\/PBL25-768x875.png 768w, https:\/\/www.lisennes.fr\/wp-content\/uploads\/2025\/12\/PBL25-11x12.png 11w\" sizes=\"(max-width: 786px) 100vw, 786px\" \/>\t\t\t\t\t\t\t\t\t\t\t\t\t\t\t<\/div>\n\t\t\t\t<\/div>\n\t\t\t\t\t<\/div>\n\t\t\t\t<\/div>\n\t\t<div class=\"elementor-element elementor-element-f884ce6 e-flex e-con-boxed e-con e-parent\" data-id=\"f884ce6\" data-element_type=\"container\" data-e-type=\"container\">\n\t\t\t\t\t<div class=\"e-con-inner\">\n\t\t\t\t<div class=\"elementor-element elementor-element-5dc3ddf elementor-widget elementor-widget-text-editor\" data-id=\"5dc3ddf\" data-element_type=\"widget\" data-e-type=\"widget\" data-widget_type=\"text-editor.default\">\n\t\t\t\t<div class=\"elementor-widget-container\">\n\t\t\t\t\t\t\t\t\t<p><strong>August 2025<\/strong><\/p>\t\t\t\t\t\t\t\t<\/div>\n\t\t\t\t<\/div>\n\t\t\t\t<div class=\"elementor-element elementor-element-8f9c459 elementor-widget elementor-widget-text-editor\" data-id=\"8f9c459\" data-element_type=\"widget\" data-e-type=\"widget\" data-widget_type=\"text-editor.default\">\n\t\t\t\t<div class=\"elementor-widget-container\">\n\t\t\t\t\t\t\t\t\t<p>The Lisennes honey has arrived!<br data-start=\"124\" data-end=\"127\" \/>Born from the work of our bees and the expertise of Christophe Baudouin, a local beekeeper,<br \/>our very first harvest is now available at the estate.<\/p>\t\t\t\t\t\t\t\t<\/div>\n\t\t\t\t<\/div>\n\t\t\t\t<div class=\"elementor-element elementor-element-4767e38 elementor-widget elementor-widget-image\" data-id=\"4767e38\" data-element_type=\"widget\" data-e-type=\"widget\" data-widget_type=\"image.default\">\n\t\t\t\t<div class=\"elementor-widget-container\">\n\t\t\t\t\t\t\t\t\t\t\t\t\t\t\t<img decoding=\"async\" width=\"677\" height=\"677\" src=\"https:\/\/www.lisennes.fr\/wp-content\/uploads\/2025\/09\/Pot-Miel.jpg\" class=\"attachment-large size-large wp-image-2704\" alt=\"\" srcset=\"https:\/\/www.lisennes.fr\/wp-content\/uploads\/2025\/09\/Pot-Miel.jpg 677w, https:\/\/www.lisennes.fr\/wp-content\/uploads\/2025\/09\/Pot-Miel-100x100.jpg 100w, https:\/\/www.lisennes.fr\/wp-content\/uploads\/2025\/09\/Pot-Miel-600x600.jpg 600w, https:\/\/www.lisennes.fr\/wp-content\/uploads\/2025\/09\/Pot-Miel-300x300.jpg 300w, https:\/\/www.lisennes.fr\/wp-content\/uploads\/2025\/09\/Pot-Miel-150x150.jpg 150w, https:\/\/www.lisennes.fr\/wp-content\/uploads\/2025\/09\/Pot-Miel-12x12.jpg 12w\" sizes=\"(max-width: 677px) 100vw, 677px\" \/>\t\t\t\t\t\t\t\t\t\t\t\t\t\t\t<\/div>\n\t\t\t\t<\/div>\n\t\t\t\t<div class=\"elementor-element elementor-element-5ccdda7 elementor-widget elementor-widget-text-editor\" data-id=\"5ccdda7\" data-element_type=\"widget\" data-e-type=\"widget\" data-widget_type=\"text-editor.default\">\n\t\t\t\t<div class=\"elementor-widget-container\">\n\t\t\t\t\t\t\t\t\t<p><strong>July 2025<\/strong><\/p>\t\t\t\t\t\t\t\t<\/div>\n\t\t\t\t<\/div>\n\t\t\t\t\t<\/div>\n\t\t\t\t<\/div>\n\t\t<div class=\"elementor-element elementor-element-8fa83d3 e-flex e-con-boxed e-con e-parent\" data-id=\"8fa83d3\" data-element_type=\"container\" data-e-type=\"container\">\n\t\t\t\t\t<div class=\"e-con-inner\">\n\t\t\t\t<div class=\"elementor-element elementor-element-a4ce213 elementor-widget elementor-widget-text-editor\" data-id=\"a4ce213\" data-element_type=\"widget\" data-e-type=\"widget\" data-widget_type=\"text-editor.default\">\n\t\t\t\t<div class=\"elementor-widget-container\">\n\t\t\t\t\t\t\t\t\t<p>Honey Harvest \u2013 The Very First Vintage from Lisennes!<\/p><p>This year marks a special moment for Ch\u00e2teau de Lisennes: we have just completed our very first honey harvest!<\/p><p>It is the result of our bees\u2019 meticulous work. Nestled at the heart of the estate, this nectar reflects all the richness and biodiversity of our terroir.<\/p><p>This first vintage will be available for tasting very soon!<\/p>\t\t\t\t\t\t\t\t<\/div>\n\t\t\t\t<\/div>\n\t\t\t\t\t<\/div>\n\t\t\t\t<\/div>\n\t\t<div class=\"elementor-element elementor-element-4c86a18 e-grid e-con-boxed e-con e-parent\" data-id=\"4c86a18\" data-element_type=\"container\" data-e-type=\"container\">\n\t\t\t\t\t<div class=\"e-con-inner\">\n\t\t\t\t<div class=\"elementor-element elementor-element-066d8b7 elementor-widget elementor-widget-image\" data-id=\"066d8b7\" data-element_type=\"widget\" data-e-type=\"widget\" data-widget_type=\"image.default\">\n\t\t\t\t<div class=\"elementor-widget-container\">\n\t\t\t\t\t\t\t\t\t\t\t\t\t\t\t<img decoding=\"async\" width=\"771\" height=\"1024\" src=\"https:\/\/www.lisennes.fr\/wp-content\/uploads\/2025\/07\/1000017860-771x1024.jpg\" class=\"attachment-large size-large wp-image-2691\" alt=\"\" srcset=\"https:\/\/www.lisennes.fr\/wp-content\/uploads\/2025\/07\/1000017860-771x1024.jpg 771w, https:\/\/www.lisennes.fr\/wp-content\/uploads\/2025\/07\/1000017860-scaled-600x797.jpg 600w, https:\/\/www.lisennes.fr\/wp-content\/uploads\/2025\/07\/1000017860-226x300.jpg 226w, https:\/\/www.lisennes.fr\/wp-content\/uploads\/2025\/07\/1000017860-768x1020.jpg 768w, https:\/\/www.lisennes.fr\/wp-content\/uploads\/2025\/07\/1000017860-1157x1536.jpg 1157w, https:\/\/www.lisennes.fr\/wp-content\/uploads\/2025\/07\/1000017860-1542x2048.jpg 1542w, https:\/\/www.lisennes.fr\/wp-content\/uploads\/2025\/07\/1000017860-9x12.jpg 9w, https:\/\/www.lisennes.fr\/wp-content\/uploads\/2025\/07\/1000017860-scaled.jpg 1928w\" sizes=\"(max-width: 771px) 100vw, 771px\" \/>\t\t\t\t\t\t\t\t\t\t\t\t\t\t\t<\/div>\n\t\t\t\t<\/div>\n\t\t\t\t<div class=\"elementor-element elementor-element-7499da8 elementor-widget elementor-widget-image\" data-id=\"7499da8\" data-element_type=\"widget\" data-e-type=\"widget\" data-widget_type=\"image.default\">\n\t\t\t\t<div class=\"elementor-widget-container\">\n\t\t\t\t\t\t\t\t\t\t\t\t\t\t\t<img loading=\"lazy\" decoding=\"async\" width=\"771\" height=\"1024\" src=\"https:\/\/www.lisennes.fr\/wp-content\/uploads\/2025\/07\/1000017861-771x1024.jpg\" class=\"attachment-large size-large wp-image-2692\" alt=\"\" srcset=\"https:\/\/www.lisennes.fr\/wp-content\/uploads\/2025\/07\/1000017861-771x1024.jpg 771w, https:\/\/www.lisennes.fr\/wp-content\/uploads\/2025\/07\/1000017861-scaled-600x797.jpg 600w, https:\/\/www.lisennes.fr\/wp-content\/uploads\/2025\/07\/1000017861-226x300.jpg 226w, https:\/\/www.lisennes.fr\/wp-content\/uploads\/2025\/07\/1000017861-768x1020.jpg 768w, https:\/\/www.lisennes.fr\/wp-content\/uploads\/2025\/07\/1000017861-1157x1536.jpg 1157w, https:\/\/www.lisennes.fr\/wp-content\/uploads\/2025\/07\/1000017861-1542x2048.jpg 1542w, https:\/\/www.lisennes.fr\/wp-content\/uploads\/2025\/07\/1000017861-9x12.jpg 9w, https:\/\/www.lisennes.fr\/wp-content\/uploads\/2025\/07\/1000017861-scaled.jpg 1928w\" sizes=\"(max-width: 771px) 100vw, 771px\" \/>\t\t\t\t\t\t\t\t\t\t\t\t\t\t\t<\/div>\n\t\t\t\t<\/div>\n\t\t\t\t<div class=\"elementor-element elementor-element-6f58f7d elementor-widget elementor-widget-image\" data-id=\"6f58f7d\" data-element_type=\"widget\" data-e-type=\"widget\" data-widget_type=\"image.default\">\n\t\t\t\t<div class=\"elementor-widget-container\">\n\t\t\t\t\t\t\t\t\t\t\t\t\t\t\t<img loading=\"lazy\" decoding=\"async\" width=\"771\" height=\"1024\" src=\"https:\/\/www.lisennes.fr\/wp-content\/uploads\/2025\/07\/1000017869-771x1024.jpg\" class=\"attachment-large size-large wp-image-2693\" alt=\"\" srcset=\"https:\/\/www.lisennes.fr\/wp-content\/uploads\/2025\/07\/1000017869-771x1024.jpg 771w, https:\/\/www.lisennes.fr\/wp-content\/uploads\/2025\/07\/1000017869-scaled-600x797.jpg 600w, https:\/\/www.lisennes.fr\/wp-content\/uploads\/2025\/07\/1000017869-226x300.jpg 226w, https:\/\/www.lisennes.fr\/wp-content\/uploads\/2025\/07\/1000017869-768x1020.jpg 768w, https:\/\/www.lisennes.fr\/wp-content\/uploads\/2025\/07\/1000017869-1157x1536.jpg 1157w, https:\/\/www.lisennes.fr\/wp-content\/uploads\/2025\/07\/1000017869-1542x2048.jpg 1542w, https:\/\/www.lisennes.fr\/wp-content\/uploads\/2025\/07\/1000017869-9x12.jpg 9w, https:\/\/www.lisennes.fr\/wp-content\/uploads\/2025\/07\/1000017869-scaled.jpg 1928w\" sizes=\"(max-width: 771px) 100vw, 771px\" \/>\t\t\t\t\t\t\t\t\t\t\t\t\t\t\t<\/div>\n\t\t\t\t<\/div>\n\t\t\t\t\t<\/div>\n\t\t\t\t<\/div>\n\t\t<div class=\"elementor-element elementor-element-3551b51 e-flex e-con-boxed e-con e-parent\" data-id=\"3551b51\" data-element_type=\"container\" data-e-type=\"container\">\n\t\t\t\t\t<div class=\"e-con-inner\">\n\t\t\t\t<div class=\"elementor-element elementor-element-3bc2a3a elementor-widget elementor-widget-text-editor\" data-id=\"3bc2a3a\" data-element_type=\"widget\" data-e-type=\"widget\" data-widget_type=\"text-editor.default\">\n\t\t\t\t<div class=\"elementor-widget-container\">\n\t\t\t\t\t\t\t\t\t<p><strong>June 2025<\/strong><\/p>\t\t\t\t\t\t\t\t<\/div>\n\t\t\t\t<\/div>\n\t\t\t\t\t<\/div>\n\t\t\t\t<\/div>\n\t\t<div class=\"elementor-element elementor-element-90c684d e-flex e-con-boxed e-con e-parent\" data-id=\"90c684d\" data-element_type=\"container\" data-e-type=\"container\">\n\t\t\t\t\t<div class=\"e-con-inner\">\n\t\t\t\t<div class=\"elementor-element elementor-element-1b63f9a elementor-widget elementor-widget-text-editor\" data-id=\"1b63f9a\" data-element_type=\"widget\" data-e-type=\"widget\" data-widget_type=\"text-editor.default\">\n\t\t\t\t<div class=\"elementor-widget-container\">\n\t\t\t\t\t\t\t\t\t<p>\u00a0We have planted two hectares of nectar-rich flowers on one of our plots.<\/p><p>Thanks to our bees working all summer long, we will be offering you<\/p><p>\u00ab Miel de Lisennes \u00bb, our homemade honey this autumn!<\/p>\t\t\t\t\t\t\t\t<\/div>\n\t\t\t\t<\/div>\n\t\t\t\t\t<\/div>\n\t\t\t\t<\/div>\n\t\t<div class=\"elementor-element elementor-element-dc89919 e-grid e-con-boxed e-con e-parent\" data-id=\"dc89919\" data-element_type=\"container\" data-e-type=\"container\">\n\t\t\t\t\t<div class=\"e-con-inner\">\n\t\t\t\t<div class=\"elementor-element elementor-element-17eaa78 elementor-widget elementor-widget-image\" data-id=\"17eaa78\" data-element_type=\"widget\" data-e-type=\"widget\" data-widget_type=\"image.default\">\n\t\t\t\t<div class=\"elementor-widget-container\">\n\t\t\t\t\t\t\t\t\t\t\t\t\t\t\t<img loading=\"lazy\" decoding=\"async\" width=\"768\" height=\"1024\" src=\"https:\/\/www.lisennes.fr\/wp-content\/uploads\/2025\/07\/IMG_3259-768x1024.jpeg\" class=\"attachment-large size-large wp-image-2666\" alt=\"\" srcset=\"https:\/\/www.lisennes.fr\/wp-content\/uploads\/2025\/07\/IMG_3259-768x1024.jpeg 768w, https:\/\/www.lisennes.fr\/wp-content\/uploads\/2025\/07\/IMG_3259-scaled-600x800.jpeg 600w, https:\/\/www.lisennes.fr\/wp-content\/uploads\/2025\/07\/IMG_3259-225x300.jpeg 225w, https:\/\/www.lisennes.fr\/wp-content\/uploads\/2025\/07\/IMG_3259-1152x1536.jpeg 1152w, https:\/\/www.lisennes.fr\/wp-content\/uploads\/2025\/07\/IMG_3259-1536x2048.jpeg 1536w, https:\/\/www.lisennes.fr\/wp-content\/uploads\/2025\/07\/IMG_3259-9x12.jpeg 9w, https:\/\/www.lisennes.fr\/wp-content\/uploads\/2025\/07\/IMG_3259-scaled.jpeg 1920w\" sizes=\"(max-width: 768px) 100vw, 768px\" \/>\t\t\t\t\t\t\t\t\t\t\t\t\t\t\t<\/div>\n\t\t\t\t<\/div>\n\t\t\t\t<div class=\"elementor-element elementor-element-5281751 elementor-widget elementor-widget-image\" data-id=\"5281751\" data-element_type=\"widget\" data-e-type=\"widget\" data-widget_type=\"image.default\">\n\t\t\t\t<div class=\"elementor-widget-container\">\n\t\t\t\t\t\t\t\t\t\t\t\t\t\t\t<img loading=\"lazy\" decoding=\"async\" width=\"768\" height=\"1024\" src=\"https:\/\/www.lisennes.fr\/wp-content\/uploads\/2025\/07\/IMG_4495-768x1024.jpeg\" class=\"attachment-large size-large wp-image-2669\" alt=\"\" srcset=\"https:\/\/www.lisennes.fr\/wp-content\/uploads\/2025\/07\/IMG_4495-768x1024.jpeg 768w, https:\/\/www.lisennes.fr\/wp-content\/uploads\/2025\/07\/IMG_4495-scaled-600x800.jpeg 600w, https:\/\/www.lisennes.fr\/wp-content\/uploads\/2025\/07\/IMG_4495-225x300.jpeg 225w, https:\/\/www.lisennes.fr\/wp-content\/uploads\/2025\/07\/IMG_4495-1152x1536.jpeg 1152w, https:\/\/www.lisennes.fr\/wp-content\/uploads\/2025\/07\/IMG_4495-1536x2048.jpeg 1536w, https:\/\/www.lisennes.fr\/wp-content\/uploads\/2025\/07\/IMG_4495-9x12.jpeg 9w, https:\/\/www.lisennes.fr\/wp-content\/uploads\/2025\/07\/IMG_4495-scaled.jpeg 1920w\" sizes=\"(max-width: 768px) 100vw, 768px\" \/>\t\t\t\t\t\t\t\t\t\t\t\t\t\t\t<\/div>\n\t\t\t\t<\/div>\n\t\t\t\t\t<\/div>\n\t\t\t\t<\/div>\n\t\t<div class=\"elementor-element elementor-element-f8c02fd e-flex e-con-boxed e-con e-parent\" data-id=\"f8c02fd\" data-element_type=\"container\" data-e-type=\"container\">\n\t\t\t\t\t<div class=\"e-con-inner\">\n\t\t\t\t<div class=\"elementor-element elementor-element-a486015 elementor-widget elementor-widget-text-editor\" data-id=\"a486015\" data-element_type=\"widget\" data-e-type=\"widget\" data-widget_type=\"text-editor.default\">\n\t\t\t\t<div class=\"elementor-widget-container\">\n\t\t\t\t\t\t\t\t\t<p><strong>May 2025<\/strong><\/p><p>\u00a0<\/p><p>World Bee Day<\/p><p>At Ch\u00e2teau de Lisennes, our striped allies pollinate our flowers and contribute to the balance of our ecosystem.<\/p><p>Beehives are installed on our estate to protect and care for them all year round !<\/p><p class=\"translation-block\">\ud83d\udc1d Thank you, bees\n\ud83c\udf77 And thank you to all of you who support environmentally friendly viticulture<\/p>\t\t\t\t\t\t\t\t<\/div>\n\t\t\t\t<\/div>\n\t\t\t\t\t<\/div>\n\t\t\t\t<\/div>\n\t\t<div class=\"elementor-element elementor-element-19e1f6e e-flex e-con-boxed e-con e-parent\" data-id=\"19e1f6e\" data-element_type=\"container\" data-e-type=\"container\">\n\t\t\t\t\t<div class=\"e-con-inner\">\n\t\t<div class=\"elementor-element elementor-element-934163d e-con-full e-flex e-con e-child\" data-id=\"934163d\" data-element_type=\"container\" data-e-type=\"container\">\n\t\t\t\t<div class=\"elementor-element elementor-element-dc8baf3 elementor-widget elementor-widget-image\" data-id=\"dc8baf3\" data-element_type=\"widget\" data-e-type=\"widget\" data-widget_type=\"image.default\">\n\t\t\t\t<div class=\"elementor-widget-container\">\n\t\t\t\t\t\t\t\t\t\t\t\t\t\t\t<img loading=\"lazy\" decoding=\"async\" width=\"1024\" height=\"683\" src=\"https:\/\/www.lisennes.fr\/wp-content\/uploads\/2025\/06\/RJF_8291-1024x683.jpeg\" class=\"attachment-large size-large wp-image-2300\" alt=\"\" srcset=\"https:\/\/www.lisennes.fr\/wp-content\/uploads\/2025\/06\/RJF_8291-1024x683.jpeg 1024w, https:\/\/www.lisennes.fr\/wp-content\/uploads\/2025\/06\/RJF_8291-600x400.jpeg 600w, https:\/\/www.lisennes.fr\/wp-content\/uploads\/2025\/06\/RJF_8291-300x200.jpeg 300w, https:\/\/www.lisennes.fr\/wp-content\/uploads\/2025\/06\/RJF_8291-768x512.jpeg 768w, https:\/\/www.lisennes.fr\/wp-content\/uploads\/2025\/06\/RJF_8291-1536x1024.jpeg 1536w, https:\/\/www.lisennes.fr\/wp-content\/uploads\/2025\/06\/RJF_8291.jpeg 1920w\" sizes=\"(max-width: 1024px) 100vw, 1024px\" \/>\t\t\t\t\t\t\t\t\t\t\t\t\t\t\t<\/div>\n\t\t\t\t<\/div>\n\t\t\t\t<\/div>\n\t\t<div class=\"elementor-element elementor-element-cac50a8 e-con-full e-flex e-con e-child\" data-id=\"cac50a8\" data-element_type=\"container\" data-e-type=\"container\">\n\t\t\t\t<div class=\"elementor-element elementor-element-56cd72a elementor-widget elementor-widget-image\" data-id=\"56cd72a\" data-element_type=\"widget\" data-e-type=\"widget\" data-widget_type=\"image.default\">\n\t\t\t\t<div class=\"elementor-widget-container\">\n\t\t\t\t\t\t\t\t\t\t\t\t\t\t\t<img loading=\"lazy\" decoding=\"async\" width=\"1024\" height=\"683\" src=\"https:\/\/www.lisennes.fr\/wp-content\/uploads\/2025\/06\/RJF_8351-1024x683.jpeg\" class=\"attachment-large size-large wp-image-2301\" alt=\"\" srcset=\"https:\/\/www.lisennes.fr\/wp-content\/uploads\/2025\/06\/RJF_8351-1024x683.jpeg 1024w, https:\/\/www.lisennes.fr\/wp-content\/uploads\/2025\/06\/RJF_8351-600x400.jpeg 600w, https:\/\/www.lisennes.fr\/wp-content\/uploads\/2025\/06\/RJF_8351-300x200.jpeg 300w, https:\/\/www.lisennes.fr\/wp-content\/uploads\/2025\/06\/RJF_8351-768x512.jpeg 768w, https:\/\/www.lisennes.fr\/wp-content\/uploads\/2025\/06\/RJF_8351-1536x1024.jpeg 1536w, https:\/\/www.lisennes.fr\/wp-content\/uploads\/2025\/06\/RJF_8351.jpeg 1920w\" sizes=\"(max-width: 1024px) 100vw, 1024px\" \/>\t\t\t\t\t\t\t\t\t\t\t\t\t\t\t<\/div>\n\t\t\t\t<\/div>\n\t\t\t\t<\/div>\n\t\t\t\t\t<\/div>\n\t\t\t\t<\/div>\n\t\t<div class=\"elementor-element elementor-element-f49e0b4 e-flex e-con-boxed e-con e-parent\" data-id=\"f49e0b4\" data-element_type=\"container\" data-e-type=\"container\">\n\t\t\t\t\t<div class=\"e-con-inner\">\n\t\t\t\t<div class=\"elementor-element elementor-element-62b6ea0 elementor-widget elementor-widget-text-editor\" data-id=\"62b6ea0\" data-element_type=\"widget\" data-e-type=\"widget\" data-widget_type=\"text-editor.default\">\n\t\t\t\t<div class=\"elementor-widget-container\">\n\t\t\t\t\t\t\t\t\t<p><strong>February 2025<\/strong><\/p><p>\u00a0<\/p><p>During the holidays, Ch\u00e2teau de Lisennes remains open !<\/p><p>With family or friends, enjoy an unforgettable moment combining pleasure, discovery, and terroir.<\/p><p>Book your experience now :<\/p><p>\u2013 Guided tasting of a selection of our cuv\u00e9es,<\/p><p>\u2013 Guided tour of our estate,<\/p><p>\u2013 Escape game !<\/p>\t\t\t\t\t\t\t\t<\/div>\n\t\t\t\t<\/div>\n\t\t\t\t\t<\/div>\n\t\t\t\t<\/div>\n\t\t<div class=\"elementor-element elementor-element-6f1dfa5 e-flex e-con-boxed e-con e-parent\" data-id=\"6f1dfa5\" data-element_type=\"container\" data-e-type=\"container\">\n\t\t\t\t\t<div class=\"e-con-inner\">\n\t\t\t\t<div class=\"elementor-element elementor-element-45f5967 elementor-widget elementor-widget-image\" data-id=\"45f5967\" data-element_type=\"widget\" data-e-type=\"widget\" data-widget_type=\"image.default\">\n\t\t\t\t<div class=\"elementor-widget-container\">\n\t\t\t\t\t\t\t\t\t\t\t\t\t\t\t<img loading=\"lazy\" decoding=\"async\" width=\"688\" height=\"1024\" src=\"https:\/\/www.lisennes.fr\/wp-content\/uploads\/2025\/06\/Escape_Game_LHeritage_de_Lisennes-688x1024.jpg\" class=\"attachment-large size-large wp-image-1832\" alt=\"\" srcset=\"https:\/\/www.lisennes.fr\/wp-content\/uploads\/2025\/06\/Escape_Game_LHeritage_de_Lisennes-688x1024.jpg 688w, https:\/\/www.lisennes.fr\/wp-content\/uploads\/2025\/06\/Escape_Game_LHeritage_de_Lisennes-202x300.jpg 202w, https:\/\/www.lisennes.fr\/wp-content\/uploads\/2025\/06\/Escape_Game_LHeritage_de_Lisennes-768x1143.jpg 768w, https:\/\/www.lisennes.fr\/wp-content\/uploads\/2025\/06\/Escape_Game_LHeritage_de_Lisennes-1032x1536.jpg 1032w, https:\/\/www.lisennes.fr\/wp-content\/uploads\/2025\/06\/Escape_Game_LHeritage_de_Lisennes.jpg 1376w\" sizes=\"(max-width: 688px) 100vw, 688px\" \/>\t\t\t\t\t\t\t\t\t\t\t\t\t\t\t<\/div>\n\t\t\t\t<\/div>\n\t\t\t\t\t<\/div>\n\t\t\t\t<\/div>\n\t\t\t\t<\/div>","protected":false},"excerpt":{"rendered":"<p>Actualit\u00e9s D\u00e9cembre 2025 \u00a0L\u2019automne bien install\u00e9, surgit des feuilles une belle nouveaut\u00e9 : notre cuv\u00e9e \u00ab\u00a0Parcelles\u00a0\u00bb en Blanc Sec. Issu du tout dernier mill\u00e9sime 2025, ce vin blanc compos\u00e9 de Sauvignon Blanc et Gris accompagnera \u00e0 la perfection vos hu\u00eetres, poissons, fromages pour ces f\u00eates de fin d\u2019ann\u00e9e. \u00a0 Ao\u00fbt 2025 Le miel de Lisennes [&hellip;]<\/p>\n","protected":false},"author":1,"featured_media":0,"parent":0,"menu_order":0,"comment_status":"closed","ping_status":"closed","template":"","meta":{"site-sidebar-layout":"no-sidebar","site-content-layout":"page-builder","ast-site-content-layout":"full-width-container","site-content-style":"default","site-sidebar-style":"default","ast-global-header-display":"","ast-banner-title-visibility":"","ast-main-header-display":"","ast-hfb-above-header-display":"","ast-hfb-below-header-display":"","ast-hfb-mobile-header-display":"","site-post-title":"disabled","ast-breadcrumbs-content":"","ast-featured-img":"disabled","footer-sml-layout":"","ast-disable-related-posts":"","theme-transparent-header-meta":"","adv-header-id-meta":"","stick-header-meta":"","header-above-stick-meta":"","header-main-stick-meta":"","header-below-stick-meta":"","astra-migrate-meta-layouts":"set","ast-page-background-enabled":"default","ast-page-background-meta":{"desktop":{"background-color":"var(--ast-global-color-4)","background-image":"","background-repeat":"repeat","background-position":"center center","background-size":"auto","background-attachment":"scroll","background-type":"","background-media":"","overlay-type":"","overlay-color":"","overlay-opacity":"","overlay-gradient":""},"tablet":{"background-color":"","background-image":"","background-repeat":"repeat","background-position":"center center","background-size":"auto","background-attachment":"scroll","background-type":"","background-media":"","overlay-type":"","overlay-color":"","overlay-opacity":"","overlay-gradient":""},"mobile":{"background-color":"","background-image":"","background-repeat":"repeat","background-position":"center center","background-size":"auto","background-attachment":"scroll","background-type":"","background-media":"","overlay-type":"","overlay-color":"","overlay-opacity":"","overlay-gradient":""}},"ast-content-background-meta":{"desktop":{"background-color":"var(--ast-global-color-5)","background-image":"","background-repeat":"repeat","background-position":"center center","background-size":"auto","background-attachment":"scroll","background-type":"","background-media":"","overlay-type":"","overlay-color":"","overlay-opacity":"","overlay-gradient":""},"tablet":{"background-color":"var(--ast-global-color-5)","background-image":"","background-repeat":"repeat","background-position":"center center","background-size":"auto","background-attachment":"scroll","background-type":"","background-media":"","overlay-type":"","overlay-color":"","overlay-opacity":"","overlay-gradient":""},"mobile":{"background-color":"var(--ast-global-color-5)","background-image":"","background-repeat":"repeat","background-position":"center center","background-size":"auto","background-attachment":"scroll","background-type":"","background-media":"","overlay-type":"","overlay-color":"","overlay-opacity":"","overlay-gradient":""}},"footnotes":""},"class_list":["post-1779","page","type-page","status-publish","hentry"],"_links":{"self":[{"href":"http:\/\/www.lisennes.fr\/en\/wp-json\/wp\/v2\/pages\/1779","targetHints":{"allow":["GET"]}}],"collection":[{"href":"http:\/\/www.lisennes.fr\/en\/wp-json\/wp\/v2\/pages"}],"about":[{"href":"http:\/\/www.lisennes.fr\/en\/wp-json\/wp\/v2\/types\/page"}],"author":[{"embeddable":true,"href":"http:\/\/www.lisennes.fr\/en\/wp-json\/wp\/v2\/users\/1"}],"replies":[{"embeddable":true,"href":"http:\/\/www.lisennes.fr\/en\/wp-json\/wp\/v2\/comments?post=1779"}],"version-history":[{"count":70,"href":"http:\/\/www.lisennes.fr\/en\/wp-json\/wp\/v2\/pages\/1779\/revisions"}],"predecessor-version":[{"id":3005,"href":"http:\/\/www.lisennes.fr\/en\/wp-json\/wp\/v2\/pages\/1779\/revisions\/3005"}],"wp:attachment":[{"href":"http:\/\/www.lisennes.fr\/en\/wp-json\/wp\/v2\/media?parent=1779"}],"curies":[{"name":"wp","href":"https:\/\/api.w.org\/{rel}","templated":true}]}}